{"id":9482,"date":"2026-05-10T08:25:26","date_gmt":"2026-05-10T08:25:26","guid":{"rendered":"https:\/\/pinted.io\/pieprasit-cenu-piedavajumu\/"},"modified":"2026-05-10T08:25:26","modified_gmt":"2026-05-10T08:25:26","slug":"pieprasit-cenu-piedavajumu","status":"publish","type":"page","link":"https:\/\/www.pinted.io\/lv\/pieprasit-cenu-piedavajumu\/","title":{"rendered":"Piepras\u012bt cenu pied\u0101v\u0101jumu"},"content":{"rendered":"","protected":false},"excerpt":{"rendered":"","protected":false},"author":0,"featured_media":0,"parent":0,"menu_order":0,"comment_status":"closed","ping_status":"closed","template":"page-request-quote.php","meta":{"_acf_changed":false,"footnotes":""},"class_list":["post-9482","page","type-page","status-publish","hentry"],"acf":[],"_links":{"self":[{"href":"https:\/\/www.pinted.io\/lv\/wp-json\/wp\/v2\/pages\/9482","targetHints":{"allow":["GET"]}}],"collection":[{"href":"https:\/\/www.pinted.io\/lv\/wp-json\/wp\/v2\/pages"}],"about":[{"href":"https:\/\/www.pinted.io\/lv\/wp-json\/wp\/v2\/types\/page"}],"replies":[{"embeddable":true,"href":"https:\/\/www.pinted.io\/lv\/wp-json\/wp\/v2\/comments?post=9482"}],"version-history":[{"count":0,"href":"https:\/\/www.pinted.io\/lv\/wp-json\/wp\/v2\/pages\/9482\/revisions"}],"wp:attachment":[{"href":"https:\/\/www.pinted.io\/lv\/wp-json\/wp\/v2\/media?parent=9482"}],"curies":[{"name":"wp","href":"https:\/\/api.w.org\/{rel}","templated":true}]}}