{"id":755,"date":"2023-03-07T19:09:48","date_gmt":"2023-03-07T19:09:48","guid":{"rendered":"https:\/\/pinted.io\/pradeti-naudoti\/"},"modified":"2023-03-07T19:09:48","modified_gmt":"2023-03-07T19:09:48","slug":"pradeti-naudoti","status":"publish","type":"page","link":"https:\/\/www.pinted.io\/lt\/pradeti-naudoti\/","title":{"rendered":"prad\u0117ti naudoti"},"content":{"rendered":"<p>[fusion_builder_container type=&#8221;flex&#8221; hundred_percent=&#8221;no&#8221; hundred_percent_height=&#8221;no&#8221; hundred_percent_height_scroll=&#8221;no&#8221; align_content=&#8221;stretch&#8221; flex_align_items=&#8221;flex-start&#8221; flex_justify_content=&#8221;flex-start&#8221; hundred_percent_height_center_content=&#8221;yes&#8221; equal_height_columns=&#8221;no&#8221; container_tag=&#8221;div&#8221; hide_on_mobile=&#8221;small-visibility,medium-visibility,large-visibility&#8221; status=&#8221;published&#8221; border_style=&#8221;solid&#8221; box_shadow=&#8221;no&#8221; box_shadow_blur=&#8221;0&#8243; box_shadow_spread=&#8221;0&#8243; gradient_start_position=&#8221;0&#8243; gradient_end_position=&#8221;100&#8243; gradient_type=&#8221;linear&#8221; radial_direction=&#8221;center center&#8221; linear_angle=&#8221;180&#8243; background_position=&#8221;center center&#8221; background_repeat=&#8221;no-repeat&#8221; fade=&#8221;no&#8221; background_parallax=&#8221;none&#8221; enable_mobile=&#8221;no&#8221; parallax_speed=&#8221;0.3&#8243; background_blend_mode=&#8221;none&#8221; video_aspect_ratio=&#8221;16:9&#8243; video_loop=&#8221;yes&#8221; video_mute=&#8221;yes&#8221; pattern_bg=&#8221;none&#8221; pattern_bg_style=&#8221;default&#8221; pattern_bg_opacity=&#8221;100&#8243; pattern_bg_blend_mode=&#8221;normal&#8221; mask_bg=&#8221;none&#8221; mask_bg_style=&#8221;default&#8221; mask_bg_opacity=&#8221;100&#8243; mask_bg_transform=&#8221;left&#8221; mask_bg_blend_mode=&#8221;normal&#8221; absolute=&#8221;off&#8221; absolute_devices=&#8221;small,medium,large&#8221; sticky=&#8221;off&#8221; sticky_devices=&#8221;small-visibility,medium-visibility,large-visibility&#8221; sticky_transition_offset=&#8221;0&#8243; scroll_offset=&#8221;0&#8243; animation_direction=&#8221;left&#8221; animation_speed=&#8221;0.3&#8243; animation_delay=&#8221;0&#8243; filter_hue=&#8221;0&#8243; filter_saturation=&#8221;100&#8243; filter_brightness=&#8221;100&#8243; filter_contrast=&#8221;100&#8243; filter_invert=&#8221;0&#8243; filter_sepia=&#8221;0&#8243; filter_opacity=&#8221;100&#8243; filter_blur=&#8221;0&#8243; filter_hue_hover=&#8221;0&#8243; filter_saturation_hover=&#8221;100&#8243; filter_brightness_hover=&#8221;100&#8243; filter_contrast_hover=&#8221;100&#8243; filter_invert_hover=&#8221;0&#8243; filter_sepia_hover=&#8221;0&#8243; filter_opacity_hover=&#8221;100&#8243; filter_blur_hover=&#8221;0&#8243; padding_top=&#8221;55px&#8221;][fusion_builder_row][fusion_builder_column type=&#8221;2_3&#8243; type=&#8221;2_3&#8243; layout=&#8221;2_3&#8243; align_self=&#8221;auto&#8221; content_layout=&#8221;column&#8221; align_content=&#8221;flex-start&#8221; valign_content=&#8221;flex-start&#8221; content_wrap=&#8221;wrap&#8221; center_content=&#8221;no&#8221; column_tag=&#8221;div&#8221; target=&#8221;_self&#8221; hide_on_mobile=&#8221;small-visibility,medium-visibility,large-visibility&#8221; sticky_display=&#8221;normal,sticky&#8221; order_medium=&#8221;0&#8243; order_small=&#8221;0&#8243; hover_type=&#8221;none&#8221; border_style=&#8221;solid&#8221; box_shadow=&#8221;no&#8221; box_shadow_blur=&#8221;0&#8243; box_shadow_spread=&#8221;0&#8243; z_index_subgroup=&#8221;regular&#8221; background_type=&#8221;single&#8221; gradient_start_position=&#8221;0&#8243; gradient_end_position=&#8221;100&#8243; gradient_type=&#8221;linear&#8221; radial_direction=&#8221;center center&#8221; linear_angle=&#8221;180&#8243; lazy_load=&#8221;none&#8221; background_position=&#8221;left top&#8221; background_repeat=&#8221;no-repeat&#8221; background_blend_mode=&#8221;none&#8221; sticky=&#8221;off&#8221; sticky_devices=&#8221;small-visibility,medium-visibility,large-visibility&#8221; absolute=&#8221;off&#8221; filter_type=&#8221;regular&#8221; filter_hover_element=&#8221;self&#8221; filter_hue=&#8221;0&#8243; filter_saturation=&#8221;100&#8243; filter_brightness=&#8221;100&#8243; filter_contrast=&#8221;100&#8243; filter_invert=&#8221;0&#8243; filter_sepia=&#8221;0&#8243; filter_opacity=&#8221;100&#8243; filter_blur=&#8221;0&#8243; filter_hue_hover=&#8221;0&#8243; filter_saturation_hover=&#8221;100&#8243; filter_brightness_hover=&#8221;100&#8243; filter_contrast_hover=&#8221;100&#8243; filter_invert_hover=&#8221;0&#8243; filter_sepia_hover=&#8221;0&#8243; filter_opacity_hover=&#8221;100&#8243; filter_blur_hover=&#8221;0&#8243; transform_type=&#8221;regular&#8221; transform_hover_element=&#8221;self&#8221; transform_scale_x=&#8221;1&#8243; transform_scale_y=&#8221;1&#8243; transform_translate_x=&#8221;0&#8243; transform_translate_y=&#8221;0&#8243; transform_rotate=&#8221;0&#8243; transform_skew_x=&#8221;0&#8243; transform_skew_y=&#8221;0&#8243; transform_scale_x_hover=&#8221;1&#8243; transform_scale_y_hover=&#8221;1&#8243; transform_translate_x_hover=&#8221;0&#8243; transform_translate_y_hover=&#8221;0&#8243; transform_rotate_hover=&#8221;0&#8243; transform_skew_x_hover=&#8221;0&#8243; transform_skew_y_hover=&#8221;0&#8243; transition_duration=&#8221;300&#8243; transition_easing=&#8221;ease&#8221; animation_direction=&#8221;left&#8221; animation_speed=&#8221;0.3&#8243; animation_delay=&#8221;0&#8243; last=&#8221;false&#8221; border_position=&#8221;all&#8221; first=&#8221;true&#8221; min_height=&#8221;&#8221; link=&#8221;&#8221;][fusion_title title_type=&#8221;rotating&#8221; rotation_effect=&#8221;typeIn&#8221; display_time=&#8221;1200&#8243; highlight_effect=&#8221;circle&#8221; loop_animation=&#8221;on&#8221; highlight_width=&#8221;9&#8243; highlight_top_margin=&#8221;0&#8243; title_link=&#8221;off&#8221; link_target=&#8221;_self&#8221; content_align=&#8221;left&#8221; size=&#8221;3&#8243; text_shadow=&#8221;no&#8221; text_shadow_blur=&#8221;0&#8243; gradient_font=&#8221;no&#8221; gradient_start_position=&#8221;0&#8243; gradient_end_position=&#8221;100&#8243; gradient_type=&#8221;linear&#8221; radial_direction=&#8221;center center&#8221; linear_angle=&#8221;180&#8243; style_type=&#8221;default&#8221; animation_direction=&#8221;left&#8221; animation_speed=&#8221;0.3&#8243; animation_delay=&#8221;0&#8243; hide_on_mobile=&#8221;small-visibility&#8221; sticky_display=&#8221;normal,sticky&#8221; text_color=&#8221;#ffffff&#8221; before_text=&#8221;Norite tapti pirmuoju, kuris i\u0161bandys m\u016bs\u0173 paslaug\u0105? U\u017epildykite m\u016bs\u0173 form\u0105 ir mes susisieksime &#8221; rotation_text=&#8221;su jumis!&#8221; fusion_font_variant_title_font=&#8221;400&#8243; fusion_font_family_title_font=&#8221;Unbounded&#8221;]<\/p>\n<p><span style=\"font-family: Unbounded;font-weight: 500\" data-fusion-font=\"true\" data-fusion-google-font=\"Unbounded\" data-fusion-google-variant=\"500\">Norite tapti pirmuoju, kuris i\u0161bandys m\u016bs\u0173 paslaug\u0105? <br \/>\n<span style=\"font-family: Unbounded;font-weight: 500\" data-fusion-font=\"true\" data-fusion-google-font=\"Unbounded\" data-fusion-google-variant=\"500\">U\u017epildykite m\u016bs\u0173 form\u0105 ir mes susisieksime su jumis<br \/>\n[\\\/fusion_title][fusion_title title_type=&#8221;rotating&#8221; rotation_effect=&#8221;typeIn&#8221; display_time=&#8221;1200&#8243; highlight_effect=&#8221;circle&#8221; loop_animation=&#8221;on&#8221; highlight_width=&#8221;9&#8243; highlight_top_margin=&#8221;0&#8243; title_link=&#8221;off&#8221; link_target=&#8221;_self&#8221; content_align=&#8221;left&#8221; size=&#8221;1&#8243; text_shadow=&#8221;no&#8221; text_shadow_blur=&#8221;0&#8243; gradient_font=&#8221;no&#8221; gradient_start_position=&#8221;0&#8243; gradient_end_position=&#8221;100&#8243; gradient_type=&#8221;linear&#8221; radial_direction=&#8221;center center&#8221; linear_angle=&#8221;180&#8243; style_type=&#8221;default&#8221; animation_direction=&#8221;left&#8221; animation_speed=&#8221;0.3&#8243; animation_delay=&#8221;0&#8243; hide_on_mobile=&#8221;medium-visibility,large-visibility&#8221; sticky_display=&#8221;normal,sticky&#8221; text_color=&#8221;#ffffff&#8221; before_text=&#8221;Norite tapti pirmuoju, kuris i\u0161bandys m\u016bs\u0173 paslaug\u0105? U\u017epildykite m\u016bs\u0173 form\u0105 ir mes susisieksime &#8221; rotation_text=&#8221;su jumis!&#8221; fusion_font_variant_title_font=&#8221;400&#8243; fusion_font_family_title_font=&#8221;Unbounded&#8221;]<\/p>\n<p><span style=\"font-family: Unbounded;font-weight: 500\" data-fusion-font=\"true\" data-fusion-google-font=\"Unbounded\" data-fusion-google-variant=\"500\">Norite tapti pirmuoju, kuris i\u0161bandys m\u016bs\u0173 paslaug\u0105? <br \/>\n<span style=\"font-family: Unbounded;font-weight: 500\" data-fusion-font=\"true\" data-fusion-google-font=\"Unbounded\" data-fusion-google-variant=\"500\">U\u017epildykite m\u016bs\u0173 form\u0105 ir mes susisieksime su jumis<br \/>\n[\\\/fusion_title][\\\/fusion_builder_column][fusion_builder_column type=&#8221;1_3&#8243; type=&#8221;1_3&#8243; layout=&#8221;1_3&#8243; align_self=&#8221;auto&#8221; content_layout=&#8221;column&#8221; align_content=&#8221;flex-start&#8221; valign_content=&#8221;flex-start&#8221; content_wrap=&#8221;wrap&#8221; center_content=&#8221;no&#8221; column_tag=&#8221;div&#8221; target=&#8221;_self&#8221; hide_on_mobile=&#8221;medium-visibility,large-visibility&#8221; sticky_display=&#8221;normal,sticky&#8221; order_medium=&#8221;0&#8243; order_small=&#8221;0&#8243; hover_type=&#8221;none&#8221; border_style=&#8221;solid&#8221; box_shadow=&#8221;no&#8221; box_shadow_blur=&#8221;0&#8243; box_shadow_spread=&#8221;0&#8243; z_index_subgroup=&#8221;regular&#8221; background_type=&#8221;single&#8221; gradient_start_position=&#8221;0&#8243; gradient_end_position=&#8221;100&#8243; gradient_type=&#8221;linear&#8221; radial_direction=&#8221;center center&#8221; linear_angle=&#8221;180&#8243; lazy_load=&#8221;none&#8221; background_position=&#8221;left top&#8221; background_repeat=&#8221;no-repeat&#8221; background_blend_mode=&#8221;none&#8221; sticky=&#8221;off&#8221; sticky_devices=&#8221;small-visibility,medium-visibility,large-visibility&#8221; absolute=&#8221;off&#8221; filter_type=&#8221;regular&#8221; filter_hover_element=&#8221;self&#8221; filter_hue=&#8221;0&#8243; filter_saturation=&#8221;100&#8243; filter_brightness=&#8221;100&#8243; filter_contrast=&#8221;100&#8243; filter_invert=&#8221;0&#8243; filter_sepia=&#8221;0&#8243; filter_opacity=&#8221;100&#8243; filter_blur=&#8221;0&#8243; filter_hue_hover=&#8221;0&#8243; filter_saturation_hover=&#8221;100&#8243; filter_brightness_hover=&#8221;100&#8243; filter_contrast_hover=&#8221;100&#8243; filter_invert_hover=&#8221;0&#8243; filter_sepia_hover=&#8221;0&#8243; filter_opacity_hover=&#8221;100&#8243; filter_blur_hover=&#8221;0&#8243; transform_type=&#8221;regular&#8221; transform_hover_element=&#8221;self&#8221; transform_scale_x=&#8221;1&#8243; transform_scale_y=&#8221;1&#8243; transform_translate_x=&#8221;0&#8243; transform_translate_y=&#8221;0&#8243; transform_rotate=&#8221;0&#8243; transform_skew_x=&#8221;0&#8243; transform_skew_y=&#8221;0&#8243; transform_scale_x_hover=&#8221;1&#8243; transform_scale_y_hover=&#8221;1&#8243; transform_translate_x_hover=&#8221;0&#8243; transform_translate_y_hover=&#8221;0&#8243; transform_rotate_hover=&#8221;0&#8243; transform_skew_x_hover=&#8221;0&#8243; transform_skew_y_hover=&#8221;0&#8243; transition_duration=&#8221;300&#8243; transition_easing=&#8221;ease&#8221; animation_direction=&#8221;left&#8221; animation_speed=&#8221;0.3&#8243; animation_delay=&#8221;0&#8243; last=&#8221;true&#8221; border_position=&#8221;all&#8221; element_content=&#8221;&#8221; first=&#8221;false&#8221; min_height=&#8221;&#8221; link=&#8221;&#8221;][\\\/fusion_builder_column][\\\/fusion_builder_row][\\\/fusion_builder_container][fusion_builder_container type=&#8221;flex&#8221; hundred_percent=&#8221;no&#8221; hundred_percent_height=&#8221;no&#8221; hundred_percent_height_scroll=&#8221;no&#8221; align_content=&#8221;stretch&#8221; flex_align_items=&#8221;flex-start&#8221; flex_justify_content=&#8221;flex-start&#8221; hundred_percent_height_center_content=&#8221;yes&#8221; equal_height_columns=&#8221;no&#8221; container_tag=&#8221;div&#8221; hide_on_mobile=&#8221;small-visibility,medium-visibility,large-visibility&#8221; status=&#8221;published&#8221; border_style=&#8221;solid&#8221; box_shadow=&#8221;no&#8221; box_shadow_blur=&#8221;0&#8243; box_shadow_spread=&#8221;0&#8243; gradient_start_position=&#8221;0&#8243; gradient_end_position=&#8221;100&#8243; gradient_type=&#8221;linear&#8221; radial_direction=&#8221;center center&#8221; linear_angle=&#8221;180&#8243; background_position=&#8221;center center&#8221; background_repeat=&#8221;no-repeat&#8221; fade=&#8221;no&#8221; background_parallax=&#8221;none&#8221; enable_mobile=&#8221;no&#8221; parallax_speed=&#8221;0.3&#8243; background_blend_mode=&#8221;none&#8221; video_aspect_ratio=&#8221;16:9&#8243; video_loop=&#8221;yes&#8221; video_mute=&#8221;yes&#8221; pattern_bg=&#8221;none&#8221; pattern_bg_style=&#8221;default&#8221; pattern_bg_opacity=&#8221;100&#8243; pattern_bg_blend_mode=&#8221;normal&#8221; mask_bg=&#8221;none&#8221; mask_bg_style=&#8221;default&#8221; mask_bg_opacity=&#8221;100&#8243; mask_bg_transform=&#8221;left&#8221; mask_bg_blend_mode=&#8221;normal&#8221; absolute=&#8221;off&#8221; absolute_devices=&#8221;small,medium,large&#8221; sticky=&#8221;off&#8221; sticky_devices=&#8221;small-visibility,medium-visibility,large-visibility&#8221; sticky_transition_offset=&#8221;0&#8243; scroll_offset=&#8221;0&#8243; animation_direction=&#8221;left&#8221; animation_speed=&#8221;0.3&#8243; animation_delay=&#8221;0&#8243; filter_hue=&#8221;0&#8243; filter_saturation=&#8221;100&#8243; filter_brightness=&#8221;100&#8243; filter_contrast=&#8221;100&#8243; filter_invert=&#8221;0&#8243; filter_sepia=&#8221;0&#8243; filter_opacity=&#8221;100&#8243; filter_blur=&#8221;0&#8243; filter_hue_hover=&#8221;0&#8243; filter_saturation_hover=&#8221;100&#8243; filter_brightness_hover=&#8221;100&#8243; filter_contrast_hover=&#8221;100&#8243; filter_invert_hover=&#8221;0&#8243; filter_sepia_hover=&#8221;0&#8243; filter_opacity_hover=&#8221;100&#8243; filter_blur_hover=&#8221;0&#8243;][fusion_builder_row][fusion_builder_column type=&#8221;2_5&#8243; type=&#8221;2_5&#8243; layout=&#8221;2_5&#8243; align_self=&#8221;center&#8221; content_layout=&#8221;column&#8221; align_content=&#8221;flex-start&#8221; valign_content=&#8221;flex-start&#8221; content_wrap=&#8221;wrap&#8221; center_content=&#8221;no&#8221; column_tag=&#8221;div&#8221; target=&#8221;_self&#8221; hide_on_mobile=&#8221;small-visibility,medium-visibility,large-visibility&#8221; sticky_display=&#8221;normal,sticky&#8221; order_medium=&#8221;0&#8243; order_small=&#8221;0&#8243; hover_type=&#8221;none&#8221; border_style=&#8221;solid&#8221; box_shadow=&#8221;no&#8221; box_shadow_blur=&#8221;0&#8243; box_shadow_spread=&#8221;0&#8243; z_index_subgroup=&#8221;regular&#8221; background_type=&#8221;single&#8221; gradient_start_position=&#8221;0&#8243; gradient_end_position=&#8221;100&#8243; gradient_type=&#8221;linear&#8221; radial_direction=&#8221;center center&#8221; linear_angle=&#8221;180&#8243; lazy_load=&#8221;none&#8221; background_position=&#8221;left top&#8221; background_repeat=&#8221;no-repeat&#8221; background_blend_mode=&#8221;none&#8221; sticky=&#8221;off&#8221; sticky_devices=&#8221;small-visibility,medium-visibility,large-visibility&#8221; absolute=&#8221;off&#8221; filter_type=&#8221;regular&#8221; filter_hover_element=&#8221;self&#8221; filter_hue=&#8221;0&#8243; filter_saturation=&#8221;100&#8243; filter_brightness=&#8221;100&#8243; filter_contrast=&#8221;100&#8243; filter_invert=&#8221;0&#8243; filter_sepia=&#8221;0&#8243; filter_opacity=&#8221;100&#8243; filter_blur=&#8221;0&#8243; filter_hue_hover=&#8221;0&#8243; filter_saturation_hover=&#8221;100&#8243; filter_brightness_hover=&#8221;100&#8243; filter_contrast_hover=&#8221;100&#8243; filter_invert_hover=&#8221;0&#8243; filter_sepia_hover=&#8221;0&#8243; filter_opacity_hover=&#8221;100&#8243; filter_blur_hover=&#8221;0&#8243; transform_type=&#8221;regular&#8221; transform_hover_element=&#8221;self&#8221; transform_scale_x=&#8221;1&#8243; transform_scale_y=&#8221;1&#8243; transform_translate_x=&#8221;0&#8243; transform_translate_y=&#8221;0&#8243; transform_rotate=&#8221;0&#8243; transform_skew_x=&#8221;0&#8243; transform_skew_y=&#8221;0&#8243; transform_scale_x_hover=&#8221;1&#8243; transform_scale_y_hover=&#8221;1&#8243; transform_translate_x_hover=&#8221;0&#8243; transform_translate_y_hover=&#8221;0&#8243; transform_rotate_hover=&#8221;0&#8243; transform_skew_x_hover=&#8221;0&#8243; transform_skew_y_hover=&#8221;0&#8243; transition_duration=&#8221;300&#8243; transition_easing=&#8221;ease&#8221; animation_direction=&#8221;left&#8221; animation_speed=&#8221;0.3&#8243; animation_delay=&#8221;0&#8243; last=&#8221;false&#8221; border_position=&#8221;all&#8221; element_content=&#8221;&#8221; first=&#8221;true&#8221; min_height=&#8221;&#8221; link=&#8221;&#8221;][fusion_lottie target=&#8221;_self&#8221; trigger=&#8221;none&#8221; cursor_direction=&#8221;horizontal&#8221; loop=&#8221;yes&#8221; reverse=&#8221;no&#8221; speed=&#8221;1&#8243; start_point=&#8221;0&#8243; end_point=&#8221;100&#8243; hide_on_mobile=&#8221;small-visibility,medium-visibility,large-visibility&#8221; align_medium=&#8221;none&#8221; align_small=&#8221;none&#8221; align=&#8221;none&#8221; animation_direction=&#8221;left&#8221; animation_speed=&#8221;0.3&#8243; animation_delay=&#8221;0&#8243; filter_hue=&#8221;0&#8243; filter_saturation=&#8221;100&#8243; filter_brightness=&#8221;100&#8243; filter_contrast=&#8221;100&#8243; filter_invert=&#8221;0&#8243; filter_sepia=&#8221;0&#8243; filter_opacity=&#8221;100&#8243; filter_blur=&#8221;0&#8243; filter_hue_hover=&#8221;0&#8243; filter_saturation_hover=&#8221;100&#8243; filter_brightness_hover=&#8221;100&#8243; filter_contrast_hover=&#8221;100&#8243; filter_invert_hover=&#8221;0&#8243; filter_sepia_hover=&#8221;0&#8243; filter_opacity_hover=&#8221;100&#8243; filter_blur_hover=&#8221;0&#8243; json=&#8221;https:\\\/\\\/assets10.lottiefiles.com\\\/packages\\\/lf20_WfrFg5.json&#8221; \\\/][\\\/fusion_builder_column][fusion_builder_column type=&#8221;3_5&#8243; type=&#8221;3_5&#8243; layout=&#8221;3_5&#8243; align_self=&#8221;auto&#8221; content_layout=&#8221;column&#8221; align_content=&#8221;flex-start&#8221; valign_content=&#8221;flex-start&#8221; content_wrap=&#8221;wrap&#8221; center_content=&#8221;no&#8221; column_tag=&#8221;div&#8221; target=&#8221;_self&#8221; hide_on_mobile=&#8221;small-visibility,medium-visibility,large-visibility&#8221; sticky_display=&#8221;normal,sticky&#8221; order_medium=&#8221;0&#8243; order_small=&#8221;0&#8243; hover_type=&#8221;none&#8221; border_style=&#8221;solid&#8221; box_shadow=&#8221;no&#8221; box_shadow_blur=&#8221;0&#8243; box_shadow_spread=&#8221;0&#8243; z_index_subgroup=&#8221;regular&#8221; background_type=&#8221;single&#8221; gradient_start_position=&#8221;0&#8243; gradient_end_position=&#8221;100&#8243; gradient_type=&#8221;linear&#8221; radial_direction=&#8221;center center&#8221; linear_angle=&#8221;180&#8243; lazy_load=&#8221;none&#8221; background_position=&#8221;left top&#8221; background_repeat=&#8221;no-repeat&#8221; background_blend_mode=&#8221;none&#8221; sticky=&#8221;off&#8221; sticky_devices=&#8221;small-visibility,medium-visibility,large-visibility&#8221; absolute=&#8221;off&#8221; filter_type=&#8221;regular&#8221; filter_hover_element=&#8221;self&#8221; filter_hue=&#8221;0&#8243; filter_saturation=&#8221;100&#8243; filter_brightness=&#8221;100&#8243; filter_contrast=&#8221;100&#8243; filter_invert=&#8221;0&#8243; filter_sepia=&#8221;0&#8243; filter_opacity=&#8221;100&#8243; filter_blur=&#8221;0&#8243; filter_hue_hover=&#8221;0&#8243; filter_saturation_hover=&#8221;100&#8243; filter_brightness_hover=&#8221;100&#8243; filter_contrast_hover=&#8221;100&#8243; filter_invert_hover=&#8221;0&#8243; filter_sepia_hover=&#8221;0&#8243; filter_opacity_hover=&#8221;100&#8243; filter_blur_hover=&#8221;0&#8243; transform_type=&#8221;regular&#8221; transform_hover_element=&#8221;self&#8221; transform_scale_x=&#8221;1&#8243; transform_scale_y=&#8221;1&#8243; transform_translate_x=&#8221;0&#8243; transform_translate_y=&#8221;0&#8243; transform_rotate=&#8221;0&#8243; transform_skew_x=&#8221;0&#8243; transform_skew_y=&#8221;0&#8243; transform_scale_x_hover=&#8221;1&#8243; transform_scale_y_hover=&#8221;1&#8243; transform_translate_x_hover=&#8221;0&#8243; transform_translate_y_hover=&#8221;0&#8243; transform_rotate_hover=&#8221;0&#8243; transform_skew_x_hover=&#8221;0&#8243; transform_skew_y_hover=&#8221;0&#8243; transition_duration=&#8221;300&#8243; transition_easing=&#8221;ease&#8221; animation_direction=&#8221;left&#8221; animation_speed=&#8221;0.3&#8243; animation_delay=&#8221;0&#8243; last=&#8221;true&#8221; border_position=&#8221;all&#8221; first=&#8221;false&#8221; min_height=&#8221;&#8221; link=&#8221;&#8221;][fusion_form form_post_id=&#8221;360&#8243; hide_on_mobile=&#8221;small-visibility,medium-visibility,large-visibility&#8221; \\\/][\\\/fusion_builder_column][\\\/fusion_builder_row][\\\/fusion_builder_container]<\/p>\n","protected":false},"excerpt":{"rendered":"<p>[fusion_builder_container type=&#8221;flex&#8221; hundred_percent=&#8221;no&#8221; hundred_percent_height=&#8221;no&#8221; hundred_percent_height_scroll=&#8221;no&#8221; align_content=&#8221;stretch&#8221; flex_align_items=&#8221;flex-start&#8221; flex_justify_content=&#8221;flex-start&#8221; hundred_percent_height_center_content=&#8221;yes&#8221; equal_height_columns=&#8221;no&#8221; container_tag=&#8221;div&#8221; hide_on_mobile=&#8221;small-visibility,medium-visibility,large-visibility&#8221; status=&#8221;published&#8221; border_style=&#8221;solid&#8221; box_shadow=&#8221;no&#8221; box_shadow_blur=&#8221;0&#8243; box_shadow_spread=&#8221;0&#8243; gradient_start_position=&#8221;0&#8243; gradient_end_position=&#8221;100&#8243; gradient_type=&#8221;linear&#8221; radial_direction=&#8221;center center&#8221; linear_angle=&#8221;180&#8243; background_position=&#8221;center center&#8221; background_repeat=&#8221;no-repeat&#8221; fade=&#8221;no&#8221; background_parallax=&#8221;none&#8221; enable_mobile=&#8221;no&#8221; parallax_speed=&#8221;0.3&#8243; background_blend_mode=&#8221;none&#8221; video_aspect_ratio=&#8221;16:9&#8243; video_loop=&#8221;yes&#8221; video_mute=&#8221;yes&#8221; pattern_bg=&#8221;none&#8221; pattern_bg_style=&#8221;default&#8221; pattern_bg_opacity=&#8221;100&#8243; pattern_bg_blend_mode=&#8221;normal&#8221; mask_bg=&#8221;none&#8221; mask_bg_style=&#8221;default&#8221; mask_bg_opacity=&#8221;100&#8243; mask_bg_transform=&#8221;left&#8221; mask_bg_blend_mode=&#8221;normal&#8221; absolute=&#8221;off&#8221; absolute_devices=&#8221;small,medium,large&#8221; sticky=&#8221;off&#8221; sticky_devices=&#8221;small-visibility,medium-visibility,large-visibility&#8221; sticky_transition_offset=&#8221;0&#8243; scroll_offset=&#8221;0&#8243; animation_direction=&#8221;left&#8221; animation_speed=&#8221;0.3&#8243; animation_delay=&#8221;0&#8243; filter_hue=&#8221;0&#8243; filter_saturation=&#8221;100&#8243; filter_brightness=&#8221;100&#8243; [&hellip;]<\/p>\n","protected":false},"author":2,"featured_media":0,"parent":0,"menu_order":0,"comment_status":"closed","ping_status":"closed","template":"100-width.php","meta":{"_acf_changed":false,"footnotes":""},"class_list":["post-755","page","type-page","status-publish","hentry"],"acf":[],"_links":{"self":[{"href":"https:\/\/www.pinted.io\/lt\/wp-json\/wp\/v2\/pages\/755","targetHints":{"allow":["GET"]}}],"collection":[{"href":"https:\/\/www.pinted.io\/lt\/wp-json\/wp\/v2\/pages"}],"about":[{"href":"https:\/\/www.pinted.io\/lt\/wp-json\/wp\/v2\/types\/page"}],"author":[{"embeddable":true,"href":"https:\/\/www.pinted.io\/lt\/wp-json\/wp\/v2\/users\/2"}],"replies":[{"embeddable":true,"href":"https:\/\/www.pinted.io\/lt\/wp-json\/wp\/v2\/comments?post=755"}],"version-history":[{"count":0,"href":"https:\/\/www.pinted.io\/lt\/wp-json\/wp\/v2\/pages\/755\/revisions"}],"wp:attachment":[{"href":"https:\/\/www.pinted.io\/lt\/wp-json\/wp\/v2\/media?parent=755"}],"curies":[{"name":"wp","href":"https:\/\/api.w.org\/{rel}","templated":true}]}}